{"id":6,"date":"2019-03-27T23:56:38","date_gmt":"2019-03-27T23:56:38","guid":{"rendered":"https:\/\/proceti.com\/bolsa_de_trabajo\/job-openings\/"},"modified":"2019-07-17T02:19:06","modified_gmt":"2019-07-17T02:19:06","slug":"job-openings","status":"publish","type":"page","link":"https:\/\/proceti.com\/bolsa_de_trabajo\/","title":{"rendered":"\u00bfEst\u00e1s preparado para nuevos retos laborales?"},"content":{"rendered":"<h5 style=\"text-align: center;\">Para Proceti nuestros colaboradores son considerados como lo m\u00e1s importante de la organizaci\u00f3n, int\u00e9grate a un equipo de trabajo apasionado por los retos.<\/h5>\n<h5 style=\"text-align: center;\">\u00a1Te estamos buscando!<\/h5>\n<table class=\"wp-job-manager-shortcodes widefat\">\n<tbody>\n<tr>\n<td><code><div class=\"job_listings\" data-location=\"\" data-keywords=\"\" data-show_filters=\"true\" data-show_pagination=\"false\" data-per_page=\"10\" data-orderby=\"featured\" data-order=\"DESC\" data-categories=\"\" data-post_id=\"6\" >\n<form class=\"job_filters\">\n\t\n\t<div class=\"search_jobs\">\n\t\t\n\t\t<div class=\"search_keywords\">\n\t\t\t<label for=\"search_keywords\">Palabras claves<\/label>\n\t\t\t<input type=\"text\" name=\"search_keywords\" id=\"search_keywords\" placeholder=\"Palabras claves\" value=\"\" \/>\n\t\t<\/div>\n\n\t\t<div class=\"search_location\">\n\t\t\t<label for=\"search_location\">Ubicaci\u00f3n<\/label>\n\t\t\t<input type=\"text\" name=\"search_location\" id=\"search_location\" placeholder=\"Ubicaci\u00f3n\" value=\"\" \/>\n\t\t<\/div>\n\n\t\t<div style=\"clear: both\"><\/div>\n\n\t\t\n\t\t\t\t\t<div class=\"search_submit\">\n\t\t\t\t<input type=\"submit\" value=\"Buscar trabajos\">\n\t\t\t<\/div>\n\t\t\n\t\t\t<\/div>\n\n\t\t<ul class=\"job_types\">\n\t\t\t\t\t<li><label for=\"job_type_web\" class=\"web\"><input type=\"checkbox\" name=\"filter_job_type[]\" value=\"web\"  checked='checked' id=\"job_type_web\" \/> Web<\/label><\/li>\n\t\t\t<\/ul>\n\t<input type=\"hidden\" name=\"filter_job_type[]\" value=\"\" \/>\n<div class=\"showing_jobs\"><\/div><\/form>\n\n\n<noscript>Su navegador no soporta JavaScript o est\u00e1 deshabilitado. JavaScript debe ser habilitado para poder ver los listados.<\/noscript>\n<ul class=\"job_listings\">\n<\/ul>\n<a class=\"load_more_jobs\" href=\"#\" style=\"display:none;\"><strong>Cargar m\u00e1s publicaciones<\/strong><\/a><\/div><\/code><\/td>\n<\/tr>\n<\/tbody>\n<\/table>\n","protected":false},"excerpt":{"rendered":"<p>Para Proceti nuestros colaboradores son considerados como lo m\u00e1s importante de la organizaci\u00f3n, int\u00e9grate a un equipo de trabajo apasionado por los retos. \u00a1Te estamos buscando!<\/p>\n","protected":false},"author":1,"featured_media":0,"parent":0,"menu_order":0,"comment_status":"closed","ping_status":"closed","template":"page-templates\/template-fullwidth.php","meta":{"footnotes":""},"class_list":["post-6","page","type-page","status-publish","hentry"],"_links":{"self":[{"href":"https:\/\/proceti.com\/bolsa_de_trabajo\/wp-json\/wp\/v2\/pages\/6","targetHints":{"allow":["GET"]}}],"collection":[{"href":"https:\/\/proceti.com\/bolsa_de_trabajo\/wp-json\/wp\/v2\/pages"}],"about":[{"href":"https:\/\/proceti.com\/bolsa_de_trabajo\/wp-json\/wp\/v2\/types\/page"}],"author":[{"embeddable":true,"href":"https:\/\/proceti.com\/bolsa_de_trabajo\/wp-json\/wp\/v2\/users\/1"}],"replies":[{"embeddable":true,"href":"https:\/\/proceti.com\/bolsa_de_trabajo\/wp-json\/wp\/v2\/comments?post=6"}],"version-history":[{"count":6,"href":"https:\/\/proceti.com\/bolsa_de_trabajo\/wp-json\/wp\/v2\/pages\/6\/revisions"}],"predecessor-version":[{"id":59,"href":"https:\/\/proceti.com\/bolsa_de_trabajo\/wp-json\/wp\/v2\/pages\/6\/revisions\/59"}],"wp:attachment":[{"href":"https:\/\/proceti.com\/bolsa_de_trabajo\/wp-json\/wp\/v2\/media?parent=6"}],"curies":[{"name":"wp","href":"https:\/\/api.w.org\/{rel}","templated":true}]}}